{"id":11,"date":"2018-07-06T10:35:27","date_gmt":"2018-07-06T08:35:27","guid":{"rendered":"https:\/\/natuerlich-tauchen.de\/?page_id=11"},"modified":"2019-05-08T16:08:03","modified_gmt":"2019-05-08T14:08:03","slug":"impresum","status":"publish","type":"page","link":"https:\/\/natuerlich-tauchen.de\/?page_id=11","title":{"rendered":"Impressum"},"content":{"rendered":"<p><strong>Nat\u00fcrlich Tauchen<\/strong><\/p>\n<p>Andreas Bleschke<br \/>\nTauchausbildung und -handel<br \/>\nCharles-H.-King-Stra\u00dfe 4<br \/>\n14163 Berlin<\/p>\n<p>Telefon: +49 (0) 175 2446629<\/p>\n<p>E-Mail: info@natuerlich-tauchen.de<\/p>\n<p>Verantwortlich f\u00fcr den Inhalt: Andreas Bleschke<\/p>\n<p><a href=\"https:\/\/natuerlich-tauchen.de\/datenschutzerklaerung\/\">Zur Datenschutzerkl\u00e4rung<\/a><\/p>\n","protected":false},"excerpt":{"rendered":"<p>Nat\u00fcrlich Tauchen Andreas Bleschke Tauchausbildung und -handel Charles-H.-King-Stra\u00dfe 4 14163 Berlin Telefon: +49 (0) 175 2446629 E-Mail: info@natuerlich-tauchen.de Verantwortlich f\u00fcr den Inhalt: Andreas Bleschke Zur Datenschutzerkl\u00e4rung<\/p>\n","protected":false},"author":1,"featured_media":0,"parent":0,"menu_order":0,"comment_status":"closed","ping_status":"closed","template":"","meta":[],"_links":{"self":[{"href":"https:\/\/natuerlich-tauchen.de\/index.php?rest_route=\/wp\/v2\/pages\/11"}],"collection":[{"href":"https:\/\/natuerlich-tauchen.de\/index.php?rest_route=\/wp\/v2\/pages"}],"about":[{"href":"https:\/\/natuerlich-tauchen.de\/index.php?rest_route=\/wp\/v2\/types\/page"}],"author":[{"embeddable":true,"href":"https:\/\/natuerlich-tauchen.de\/index.php?rest_route=\/wp\/v2\/users\/1"}],"replies":[{"embeddable":true,"href":"https:\/\/natuerlich-tauchen.de\/index.php?rest_route=%2Fwp%2Fv2%2Fcomments&post=11"}],"version-history":[{"count":7,"href":"https:\/\/natuerlich-tauchen.de\/index.php?rest_route=\/wp\/v2\/pages\/11\/revisions"}],"predecessor-version":[{"id":539,"href":"https:\/\/natuerlich-tauchen.de\/index.php?rest_route=\/wp\/v2\/pages\/11\/revisions\/539"}],"wp:attachment":[{"href":"https:\/\/natuerlich-tauchen.de\/index.php?rest_route=%2Fwp%2Fv2%2Fmedia&parent=11"}],"curies":[{"name":"wp","href":"https:\/\/api.w.org\/{rel}","templated":true}]}}